{"id":1386,"date":"2017-05-03T16:34:02","date_gmt":"2017-05-03T14:34:02","guid":{"rendered":"http:\/\/pole-box.fr\/?page_id=1386"},"modified":"2019-02-12T12:24:12","modified_gmt":"2019-02-12T11:24:12","slug":"faq","status":"publish","type":"page","link":"https:\/\/www.pole-box.fr\/en\/faq\/","title":{"rendered":"FAQ"},"content":{"rendered":"<div id=\"fws_69f5d114a8b70\"  data-column-margin=\"default\" data-midnight=\"dark\"  class=\"wpb_row vc_row-fluid vc_row\"  style=\"padding-top: 0px; padding-bottom: 0px; \"><div class=\"row-bg-wrap\" data-bg-animation=\"none\" data-bg-animation-delay=\"\" data-bg-overlay=\"false\"><div class=\"inner-wrap row-bg-layer\" ><div class=\"row-bg viewport-desktop\"  style=\"\"><\/div><\/div><\/div><div class=\"row_col_wrap_12 col span_12 dark left\">\n\t<div  class=\"vc_col-sm-12 wpb_column column_container vc_column_container col no-extra-padding\"  data-padding-pos=\"all\" data-has-bg-color=\"false\" data-bg-color=\"\" data-bg-opacity=\"1\" data-animation=\"\" data-delay=\"0\" >\n\t\t<div class=\"vc_column-inner\" >\n\t\t\t<div class=\"wpb_wrapper\">\n\t\t\t\t\n<div class=\"wpb_text_column wpb_content_element\" >\n\t<h2 data-fontsize=\"25\" data-lineheight=\"30\">Afin d\u2019en savoir plus sur nos centres de self-stockage, la location de box, bureaux\u2026<\/h2>\n<p>&nbsp;<\/p>\n<h4 data-fontsize=\"20\" data-lineheight=\"22\">Qu\u2019est-ce qu\u2019un centre de self-stockage ? Quelle diff\u00e9rence avec un garde meuble classique ?<\/h4>\n<p>Un garde-meuble est plus contraignant et plus on\u00e9reux car, pour acc\u00e9der \u00e0 vos biens, vous devez en faire la demande et cette op\u00e9ration est payante. Le self-stockage, c\u2019est la libert\u00e9 ! Vous acc\u00e9dez \u00e0 vos biens quand vous le souhaitez, en totale autonomie.<\/p>\n<h4 data-fontsize=\"20\" data-lineheight=\"22\">Comment louer mon box s\u00e9curis\u00e9 et accessible 7j\/7 ?<\/h4>\n<p>\u2013 Vous \u00eates un particulier ?<br \/>\nMunissez-vous d\u2019une pi\u00e8ce d\u2019identit\u00e9, d\u2019un justificatif de domicile de moins de 3 mois, faites un d\u00e9p\u00f4t de garantie et un versement \u00e9quivalent au premier mois de location.<br \/>\n\u2013 Vous \u00eates un professionnel ?<br \/>\nPr\u00e9voyez un extrait K-Bis de la soci\u00e9t\u00e9 de moins de 3 mois, un pouvoir du g\u00e9rant avec la photocopie de sa carte d\u2019identit\u00e9, faites un d\u00e9p\u00f4t de garantie et un versement \u00e9quivalent au premier mois de location.<\/p>\n<h4 data-fontsize=\"20\" data-lineheight=\"22\">Quel est le degr\u00e9 de s\u00e9curit\u00e9 de nos centres POLE BOX ?<\/h4>\n<p>Notre centre est ferm\u00e9 par portails s\u00e9curis\u00e9s. Il est dot\u00e9 d\u2019alarmes p\u00e9rim\u00e9triques et volum\u00e9triques, de d\u00e9tecteurs d\u2019incendie, de cam\u00e9ras de t\u00e9l\u00e9surveillance int\u00e9rieure et ext\u00e9rieure reli\u00e9es 24h\/24 \u00e0 une centrale d\u2019intervention, et b\u00e9n\u00e9ficie d\u2019un contr\u00f4le d\u2019acc\u00e8s par badge\u2026 Chez POLE BOX, la s\u00e9curit\u00e9 et votre confort, c\u2019est primordial !<\/p>\n<h4 data-fontsize=\"20\" data-lineheight=\"22\">Comment fonctionne l\u2019assurance pour prot\u00e9ger vos biens ?<\/h4>\n<p>Pour assurer les biens que vous stockez chez POLE BOX, vous pouvez :<br \/>\n\u2013 Utiliser votre assurance habitation ou professionnelle, avec une attestation de votre assureur .<br \/>\n\u2013 Adh\u00e9rer \u00e0 l\u2019assurance multirisques\u00a0de POLE BOX, qui vous couvre mieux que les contrats classiques (assurance MMA marchandises).<br \/>\nAttention cette assurance n\u2019est pas comprise dans votre contrat de location de box ! Pour votre confort, pensez \u00e0 nous consulter !<br \/>\nLa Direction G\u00e9n\u00e9rale de la Concurrence, de la Consommation et de la R\u00e9pression des Fraudes exige que chaque consommateur choisisse lui-m\u00eame son assureur. Afin de vous simplifier la vie, vous pouvez opter pour l\u2019assurance multirisques de POLE BOX !<\/p>\n<h4 data-fontsize=\"20\" data-lineheight=\"22\">Comment r\u00e9silier votre contrat ?<\/h4>\n<p>Pour vous laisser un maximum de libert\u00e9, lors de la souscription d\u2019un box chez POLE BOX, vous n\u2019avez pas d\u2019engagement de dur\u00e9e. Pour r\u00e9silier votre contrat, il vous suffit de nous envoyer un courrier (recommand\u00e9 avec accus\u00e9 de r\u00e9ception) \u00e0 votre centre POLE BOX, en respectant le pr\u00e9avis de 15 jours.<\/p>\n<\/div>\n\n\n\n\n\t\t\t<\/div> \n\t\t<\/div>\n\t<\/div> \n<\/div><\/div>","protected":false},"excerpt":{"rendered":"Afin d\u2019en savoir plus sur nos centres de self-stockage, la location de box, bureaux\u2026 &nbsp; Qu\u2019est-ce qu\u2019un centre de self-stockage ? Quelle diff\u00e9rence avec un garde meuble classique ? Un...","protected":false},"author":7,"featured_media":0,"parent":0,"menu_order":0,"comment_status":"closed","ping_status":"closed","template":"","meta":{"footnotes":""},"yoast_head":"<!-- This site is optimized with the Yoast SEO plugin v22.8 - https:\/\/yoast.com\/wordpress\/plugins\/seo\/ -->\n<title>FAQ - Pole Box - Location de box (garde meuble) - Bureau - Lyon - Chassieu - Eurexpo<\/title>\n<meta name=\"robots\" content=\"index, follow, max-snippet:-1, max-image-preview:large, max-video-preview:-1\" \/>\n<link rel=\"canonical\" href=\"https:\/\/www.pole-box.fr\/en\/faq\/\" \/>\n<meta property=\"og:locale\" content=\"en_US\" \/>\n<meta property=\"og:type\" content=\"article\" \/>\n<meta property=\"og:title\" content=\"FAQ - Pole Box - Location de box (garde meuble) - Bureau - Lyon - Chassieu - Eurexpo\" \/>\n<meta property=\"og:url\" content=\"https:\/\/www.pole-box.fr\/en\/faq\/\" \/>\n<meta property=\"og:site_name\" content=\"Pole Box - Location de box (garde meuble) - Bureau - Lyon - Chassieu - Eurexpo\" \/>\n<meta property=\"article:publisher\" content=\"https:\/\/www.facebook.com\/poleboxchassieu\/\" \/>\n<meta property=\"article:modified_time\" content=\"2019-02-12T11:24:12+00:00\" \/>\n<meta name=\"twitter:card\" content=\"summary_large_image\" \/>\n<meta name=\"twitter:site\" content=\"@poleboxchassieu\" \/>\n<meta name=\"twitter:label1\" content=\"Est. reading time\" \/>\n\t<meta name=\"twitter:data1\" content=\"3 minutes\" \/>\n<script type=\"application\/ld+json\" class=\"yoast-schema-graph\">{\"@context\":\"https:\/\/schema.org\",\"@graph\":[{\"@type\":\"WebPage\",\"@id\":\"https:\/\/www.pole-box.fr\/faq\/\",\"url\":\"https:\/\/www.pole-box.fr\/faq\/\",\"name\":\"FAQ - Pole Box - Location de box (garde meuble) - Bureau - Lyon - Chassieu - Eurexpo\",\"isPartOf\":{\"@id\":\"https:\/\/www.pole-box.fr\/#website\"},\"datePublished\":\"2017-05-03T14:34:02+00:00\",\"dateModified\":\"2019-02-12T11:24:12+00:00\",\"breadcrumb\":{\"@id\":\"https:\/\/www.pole-box.fr\/faq\/#breadcrumb\"},\"inLanguage\":\"en-US\",\"potentialAction\":[{\"@type\":\"ReadAction\",\"target\":[\"https:\/\/www.pole-box.fr\/faq\/\"]}]},{\"@type\":\"BreadcrumbList\",\"@id\":\"https:\/\/www.pole-box.fr\/faq\/#breadcrumb\",\"itemListElement\":[{\"@type\":\"ListItem\",\"position\":1,\"name\":\"Accueil\",\"item\":\"https:\/\/www.pole-box.fr\/\"},{\"@type\":\"ListItem\",\"position\":2,\"name\":\"FAQ\"}]},{\"@type\":\"WebSite\",\"@id\":\"https:\/\/www.pole-box.fr\/#website\",\"url\":\"https:\/\/www.pole-box.fr\/\",\"name\":\"Pole Box - Location de box (garde meuble) - Bureau - Lyon - Chassieu - Eurexpo\",\"description\":\"Votre centre de self-stockage !\",\"potentialAction\":[{\"@type\":\"SearchAction\",\"target\":{\"@type\":\"EntryPoint\",\"urlTemplate\":\"https:\/\/www.pole-box.fr\/?s={search_term_string}\"},\"query-input\":\"required name=search_term_string\"}],\"inLanguage\":\"en-US\"}]}<\/script>\n<!-- \/ Yoast SEO plugin. -->","yoast_head_json":{"title":"FAQ - Pole Box - Location de box (garde meuble) - Bureau - Lyon - Chassieu - Eurexpo","robots":{"index":"index","follow":"follow","max-snippet":"max-snippet:-1","max-image-preview":"max-image-preview:large","max-video-preview":"max-video-preview:-1"},"canonical":"https:\/\/www.pole-box.fr\/en\/faq\/","og_locale":"en_US","og_type":"article","og_title":"FAQ - Pole Box - Location de box (garde meuble) - Bureau - Lyon - Chassieu - Eurexpo","og_url":"https:\/\/www.pole-box.fr\/en\/faq\/","og_site_name":"Pole Box - Location de box (garde meuble) - Bureau - Lyon - Chassieu - Eurexpo","article_publisher":"https:\/\/www.facebook.com\/poleboxchassieu\/","article_modified_time":"2019-02-12T11:24:12+00:00","twitter_card":"summary_large_image","twitter_site":"@poleboxchassieu","twitter_misc":{"Est. reading time":"3 minutes"},"schema":{"@context":"https:\/\/schema.org","@graph":[{"@type":"WebPage","@id":"https:\/\/www.pole-box.fr\/faq\/","url":"https:\/\/www.pole-box.fr\/faq\/","name":"FAQ - Pole Box - Location de box (garde meuble) - Bureau - Lyon - Chassieu - Eurexpo","isPartOf":{"@id":"https:\/\/www.pole-box.fr\/#website"},"datePublished":"2017-05-03T14:34:02+00:00","dateModified":"2019-02-12T11:24:12+00:00","breadcrumb":{"@id":"https:\/\/www.pole-box.fr\/faq\/#breadcrumb"},"inLanguage":"en-US","potentialAction":[{"@type":"ReadAction","target":["https:\/\/www.pole-box.fr\/faq\/"]}]},{"@type":"BreadcrumbList","@id":"https:\/\/www.pole-box.fr\/faq\/#breadcrumb","itemListElement":[{"@type":"ListItem","position":1,"name":"Accueil","item":"https:\/\/www.pole-box.fr\/"},{"@type":"ListItem","position":2,"name":"FAQ"}]},{"@type":"WebSite","@id":"https:\/\/www.pole-box.fr\/#website","url":"https:\/\/www.pole-box.fr\/","name":"Pole Box - Location de box (garde meuble) - Bureau - Lyon - Chassieu - Eurexpo","description":"Votre centre de self-stockage !","potentialAction":[{"@type":"SearchAction","target":{"@type":"EntryPoint","urlTemplate":"https:\/\/www.pole-box.fr\/?s={search_term_string}"},"query-input":"required name=search_term_string"}],"inLanguage":"en-US"}]}},"_links":{"self":[{"href":"https:\/\/www.pole-box.fr\/en\/wp-json\/wp\/v2\/pages\/1386"}],"collection":[{"href":"https:\/\/www.pole-box.fr\/en\/wp-json\/wp\/v2\/pages"}],"about":[{"href":"https:\/\/www.pole-box.fr\/en\/wp-json\/wp\/v2\/types\/page"}],"author":[{"embeddable":true,"href":"https:\/\/www.pole-box.fr\/en\/wp-json\/wp\/v2\/users\/7"}],"replies":[{"embeddable":true,"href":"https:\/\/www.pole-box.fr\/en\/wp-json\/wp\/v2\/comments?post=1386"}],"version-history":[{"count":8,"href":"https:\/\/www.pole-box.fr\/en\/wp-json\/wp\/v2\/pages\/1386\/revisions"}],"predecessor-version":[{"id":2571,"href":"https:\/\/www.pole-box.fr\/en\/wp-json\/wp\/v2\/pages\/1386\/revisions\/2571"}],"wp:attachment":[{"href":"https:\/\/www.pole-box.fr\/en\/wp-json\/wp\/v2\/media?parent=1386"}],"curies":[{"name":"wp","href":"https:\/\/api.w.org\/{rel}","templated":true}]}}